{"id":1946,"date":"2014-03-11T14:12:09","date_gmt":"2014-03-11T14:12:09","guid":{"rendered":"http:\/\/www.europadelosciudadanos.net\/?page_id=1946"},"modified":"2023-05-26T16:57:03","modified_gmt":"2023-05-26T16:57:03","slug":"archivo-historico-de-iu","status":"publish","type":"page","link":"https:\/\/lafec.org\/index.php\/archivo-historico-de-iu\/","title":{"rendered":"Archivo Hist\u00f3rico de IU"},"content":{"rendered":"<p>[vc_row][vc_column][vc_column_text]<\/p>\n<h3><span style=\"color: #800000;\">Bienvenida\/o al Archivo Hist\u00f3rico de Izquierda Unida<\/span><\/h3>\n<p>La Fundaci\u00f3n por la Europa de los Ciudadanos, instituci\u00f3n cultural vinculada a Izquierda Unida, viene desarrollando y cumpliendo el importante cometido que se contempla en sus estatutos. Entre estos, y una de las funciones m\u00e1s relevantes, es la creaci\u00f3n, organizaci\u00f3n y desarrollo del Archivo Hist\u00f3rico de IU, cuyo plan se ha iniciado con el criterio de recoger, clasificar y documentar cient\u00edficamente las actividades de nuestra organizaci\u00f3n en el conjunto del Estado. A este fin, y desde noviembre de 2012, se ha puesto en marcha un departamento espec\u00edfico.<\/p>\n<p>Esta importante tarea para nuestra organizaci\u00f3n, es ardua en tiempo y medios, dado que se trata de llevarla a cabo con el mayor rigor a fin de que sirva para ponerla a disposici\u00f3n, tanto de la organizaci\u00f3n pol\u00edtica para su conocimiento y formaci\u00f3n, como al servicio de la comunidad cient\u00edfica y del conjunto de la sociedad. El objetivo es recopilar, catalogar y archivar adecuadamente, siguiendo criterios hist\u00f3ricos y par\u00e1metros cient\u00edficamente rigurosos, toda la documentaci\u00f3n existente y ponerla en disposici\u00f3n de su consulta, estudio e investigaci\u00f3n para quienes tengan inter\u00e9s de acceder a las fuentes originales de nuestra historia actual, con m\u00e1xima fiabilidad.<\/p>\n\n\t\t<style type=\"text\/css\">\n\t\t\t#gallery-1 {\n\t\t\t\tmargin: auto;\n\t\t\t}\n\t\t\t#gallery-1 .gallery-item {\n\t\t\t\tfloat: left;\n\t\t\t\tmargin-top: 10px;\n\t\t\t\ttext-align: center;\n\t\t\t\twidth: 50%;\n\t\t\t}\n\t\t\t#gallery-1 img {\n\t\t\t\tborder: 2px solid #cfcfcf;\n\t\t\t}\n\t\t\t#gallery-1 .gallery-caption {\n\t\t\t\tmargin-left: 0;\n\t\t\t}\n\t\t\t\/* see gallery_shortcode() in wp-includes\/media.php *\/\n\t\t<\/style>\n\t\t<div id='gallery-1' class='gallery galleryid-1946 gallery-columns-2 gallery-size-medium'><dl class='gallery-item'>\n\t\t\t<dt class='gallery-icon portrait'>\n\t\t\t\t<a href='https:\/\/lafec.org\/index.php\/archivo-historico-de-iu\/1archivo\/'><img loading=\"lazy\" decoding=\"async\" width=\"169\" height=\"300\" src=\"https:\/\/lafec.org\/wp-content\/uploads\/2023\/05\/1archivo-169x300.jpg\" class=\"attachment-medium size-medium\" alt=\"\" srcset=\"https:\/\/lafec.org\/wp-content\/uploads\/2023\/05\/1archivo-169x300.jpg 169w, https:\/\/lafec.org\/wp-content\/uploads\/2023\/05\/1archivo-576x1024.jpg 576w, https:\/\/lafec.org\/wp-content\/uploads\/2023\/05\/1archivo-672x1195.jpg 672w, https:\/\/lafec.org\/wp-content\/uploads\/2023\/05\/1archivo.jpg 720w\" sizes=\"auto, (max-width: 169px) 100vw, 169px\" \/><\/a>\n\t\t\t<\/dt><\/dl><dl class='gallery-item'>\n\t\t\t<dt class='gallery-icon portrait'>\n\t\t\t\t<a href='https:\/\/lafec.org\/index.php\/archivo-historico-de-iu\/2archivo\/'><img loading=\"lazy\" decoding=\"async\" width=\"169\" height=\"300\" src=\"https:\/\/lafec.org\/wp-content\/uploads\/2023\/05\/2archivo-169x300.jpg\" class=\"attachment-medium size-medium\" alt=\"\" srcset=\"https:\/\/lafec.org\/wp-content\/uploads\/2023\/05\/2archivo-169x300.jpg 169w, https:\/\/lafec.org\/wp-content\/uploads\/2023\/05\/2archivo-576x1024.jpg 576w, https:\/\/lafec.org\/wp-content\/uploads\/2023\/05\/2archivo-672x1195.jpg 672w, https:\/\/lafec.org\/wp-content\/uploads\/2023\/05\/2archivo.jpg 720w\" sizes=\"auto, (max-width: 169px) 100vw, 169px\" \/><\/a>\n\t\t\t<\/dt><\/dl><br style=\"clear: both\" \/><dl class='gallery-item'>\n\t\t\t<dt class='gallery-icon landscape'>\n\t\t\t\t<a href='https:\/\/lafec.org\/index.php\/archivo-historico-de-iu\/3archivo\/'><img loading=\"lazy\" decoding=\"async\" width=\"300\" height=\"169\" src=\"https:\/\/lafec.org\/wp-content\/uploads\/2023\/05\/3archivo-300x169.jpg\" class=\"attachment-medium size-medium\" alt=\"\" srcset=\"https:\/\/lafec.org\/wp-content\/uploads\/2023\/05\/3archivo-300x169.jpg 300w, https:\/\/lafec.org\/wp-content\/uploads\/2023\/05\/3archivo-1024x576.jpg 1024w, https:\/\/lafec.org\/wp-content\/uploads\/2023\/05\/3archivo-768x432.jpg 768w, https:\/\/lafec.org\/wp-content\/uploads\/2023\/05\/3archivo-672x378.jpg 672w, https:\/\/lafec.org\/wp-content\/uploads\/2023\/05\/3archivo-1038x584.jpg 1038w, https:\/\/lafec.org\/wp-content\/uploads\/2023\/05\/3archivo.jpg 1280w\" sizes=\"auto, (max-width: 300px) 100vw, 300px\" \/><\/a>\n\t\t\t<\/dt><\/dl><dl class='gallery-item'>\n\t\t\t<dt class='gallery-icon portrait'>\n\t\t\t\t<a href='https:\/\/lafec.org\/index.php\/archivo-historico-de-iu\/4archivo\/'><img loading=\"lazy\" decoding=\"async\" width=\"169\" height=\"300\" src=\"https:\/\/lafec.org\/wp-content\/uploads\/2023\/05\/4archivo-169x300.jpg\" class=\"attachment-medium size-medium\" alt=\"\" srcset=\"https:\/\/lafec.org\/wp-content\/uploads\/2023\/05\/4archivo-169x300.jpg 169w, https:\/\/lafec.org\/wp-content\/uploads\/2023\/05\/4archivo-576x1024.jpg 576w, https:\/\/lafec.org\/wp-content\/uploads\/2023\/05\/4archivo-672x1195.jpg 672w, https:\/\/lafec.org\/wp-content\/uploads\/2023\/05\/4archivo.jpg 720w\" sizes=\"auto, (max-width: 169px) 100vw, 169px\" \/><\/a>\n\t\t\t<\/dt><\/dl><br style=\"clear: both\" \/>\n\t\t<\/div>\n\n<p>La disponibilidad de los materiales propuestos permitir\u00e1 que a trav\u00e9s de sucesivas labores y fases se acceda a unos fondos documentales, que en la actualidad son de imposible consulta para interesados e investigadores. La recuperaci\u00f3n, clasificaci\u00f3n y catalogaci\u00f3n sistem\u00e1tica facilita el aprovechamiento de los fondos existentes a todos los efectos.<\/p>\n<p>Este proyecto resolver\u00e1 con garant\u00eda suficiente la conservaci\u00f3n de los fondos documentales y por tanto el eficaz servicio actual y futuro sobre el contexto hist\u00f3rico, pol\u00edtico y social de la andadura de Izquierda Unida en el Estado.<\/p>\n<p>Para m\u00e1s informaci\u00f3n al respecto, pueden ponerse en contacto con el Sr. <strong>V\u00edctor Reloba<\/strong>, en el <strong>91 722 75 00<\/strong> o bien por mail en la siguiente direcci\u00f3n: <strong>contacto [ARROBA] lafec.org<\/strong>.<\/p>\n<hr \/>\n<h3><span style=\"color: #000080;\">Local\u00edzanos en&#8230;<\/span><\/h3>\n<p><iframe loading=\"lazy\" style=\"border: 0;\" src=\"https:\/\/www.google.com\/maps\/embed?pb=!1m18!1m12!1m3!1d3037.8037521624124!2d-3.707306914848929!3d40.413198097800766!2m3!1f0!2f0!3f0!3m2!1i1024!2i768!4f13.1!3m3!1m2!1s0xd422880039cead7%3A0xdfd56ee8ddb479b1!2sCalle%20de%20Luis%20V%C3%A9lez%20de%20Guevara%2C%208%2C%2028012%20Madrid!5e0!3m2!1ses!2ses!4v1685119229159!5m2!1ses!2ses\" width=\"600\" height=\"450\" allowfullscreen=\"allowfullscreen\"><\/iframe><\/p>\n<p><span style=\"color: #808080;\"><strong>Fundaci\u00f3n por la Europa de los Ciudadanos<\/strong><\/span><br \/>\n<span style=\"color: #808080;\"> C\/ Luis V\u00e9lez de Guevara, 8, Bajo Derecha. 28012. Madrid.<\/span><br \/>\n<span style=\"color: #808080;\"> Tel: 91 722 75 00. Fax: 91 721 98 08<\/span><\/p>\n<hr \/>\n<p>[\/vc_column_text][\/vc_column][\/vc_row][vc_row][vc_column][vc_column_text]Este archivo se mantiene gracias al <strong>proyecto \u201cMantenimiento de centros de documentaci\u00f3n: archivo hist\u00f3rico de Izquierda Unida\u201d<\/strong>, que cuenta con el apoyo del <strong>Ministerio de Cultura y Deporte<\/strong>, a partir de la subvenci\u00f3n de <strong>\u00abAyudas para gastos de funcionamiento de fundaciones y asociaciones vinculadas con partidos pol\u00edticos con representaci\u00f3n en las Cortes Generales que realicen actividades de estudios y desarrollo del pensamiento pol\u00edtico y social\u00bb<\/strong>, siendo las convocatorias de 2021 y 2022 las dos \u00faltimas recibidas.<\/p>\n<p>[\/vc_column_text][vc_single_image image=\u00bb9174&#8243; img_size=\u00bbfull\u00bb alignment=\u00bbcenter\u00bb][\/vc_column][\/vc_row]<\/p>\n","protected":false},"excerpt":{"rendered":"<p>[vc_row][vc_column][vc_column_text] Bienvenida\/o al Archivo Hist\u00f3rico de Izquierda Unida La Fundaci\u00f3n por la Europa de los Ciudadanos, instituci\u00f3n cultural vinculada a Izquierda Unida, viene desarrollando y cumpliendo el importante cometido que se contempla en sus estatutos. Entre estos, y una de las funciones m\u00e1s relevantes, es la creaci\u00f3n, organizaci\u00f3n y desarrollo del Archivo Hist\u00f3rico de IU, cuyo plan se ha iniciado [&hellip;]<\/p>\n","protected":false},"author":1,"featured_media":0,"parent":0,"menu_order":0,"comment_status":"closed","ping_status":"closed","template":"","meta":{"footnotes":""},"class_list":["post-1946","page","type-page","status-publish","hentry"],"_links":{"self":[{"href":"https:\/\/lafec.org\/index.php\/wp-json\/wp\/v2\/pages\/1946","targetHints":{"allow":["GET"]}}],"collection":[{"href":"https:\/\/lafec.org\/index.php\/wp-json\/wp\/v2\/pages"}],"about":[{"href":"https:\/\/lafec.org\/index.php\/wp-json\/wp\/v2\/types\/page"}],"author":[{"embeddable":true,"href":"https:\/\/lafec.org\/index.php\/wp-json\/wp\/v2\/users\/1"}],"replies":[{"embeddable":true,"href":"https:\/\/lafec.org\/index.php\/wp-json\/wp\/v2\/comments?post=1946"}],"version-history":[{"count":7,"href":"https:\/\/lafec.org\/index.php\/wp-json\/wp\/v2\/pages\/1946\/revisions"}],"predecessor-version":[{"id":9183,"href":"https:\/\/lafec.org\/index.php\/wp-json\/wp\/v2\/pages\/1946\/revisions\/9183"}],"wp:attachment":[{"href":"https:\/\/lafec.org\/index.php\/wp-json\/wp\/v2\/media?parent=1946"}],"curies":[{"name":"wp","href":"https:\/\/api.w.org\/{rel}","templated":true}]}}