{"id":8627,"date":"2020-05-04T07:34:13","date_gmt":"2020-05-04T07:34:13","guid":{"rendered":"https:\/\/lafec.org\/?page_id=8627"},"modified":"2022-10-23T13:39:37","modified_gmt":"2022-10-23T13:39:37","slug":"quienes-somos","status":"publish","type":"page","link":"https:\/\/lafec.org\/index.php\/lafec-home\/quienes-somos\/","title":{"rendered":"Sobre la Fec"},"content":{"rendered":"<p>[vc_row][vc_column width=\u00bb1\/2&#8243;][vc_column_text]La Fundaci\u00f3n cuenta con <strong>20 a\u00f1os de experiencia<\/strong> al servicio de instituciones, partidos y l\u00edderes progresistas en Europa y Am\u00e9rica Latina. Nuestro objetivo sigue siendo de manera obligada el mismo desde el primer d\u00eda: estudiar los \u00faltimos cambios sociales y culturales para entender nuestras sociedades y dotarnos de <strong>herramientas pol\u00edticas \u00fatiles para su transformaci\u00f3n<\/strong>.<\/p>\n<p>Para ello contamos con un <strong>equipo multidisciplinar<\/strong> que se divide en tres \u00e1reas:<\/p>\n<ol>\n<li><strong>Investigaci\u00f3n<\/strong>. No se pueden entender los cambios pol\u00edticos \u2013en \u00faltima instancia electorales\u2013 sin entender, antes, la \u2018nueva sociedad\u2019 resultante de los profundos cambios que se vienen produciendo durante los \u00faltimos a\u00f1os. \u00bfQu\u00e9 sectores sociales conforman esa nueva sociedad? \u00bfCu\u00e1les son sus sue\u00f1os y sus motivos de insomnio? \u00bfCon qu\u00e9 se motivan, a qu\u00e9 aspiran y a qu\u00e9 temen? Estas son tan solo algunas preguntas imprescindibles para comprender y redirigir la incertidumbre que atraviesa nuestras sociedades. Para poder responderlas nos servimos de investigaciones cuantitativas como encuestas y, a\u00fan m\u00e1s interesantes, investigaciones cualitativas como grupos de enfoque. <strong>No basta con el \u2018instinto\u2019, hace falta m\u00e9todo: datos, an\u00e1lisis, diagn\u00f3stico<\/strong>.<\/li>\n<li><strong>Estrategia<\/strong>. Una vez estudiado el contexto y la ciudadan\u00eda a la que nos dirigimos, realizamos el dise\u00f1o integral de un plan de acci\u00f3n para armonizar los recursos limitados y conseguir los objetivos previamente seleccionados. Analizamos qu\u00e9 tenemos para convertirlo en lo que necesitamos y conseguir lo que queremos. Una buena estrategia puede revivir a una campa\u00f1a mediocre, sea esta electoral, institucional o social, pero <strong>incluso una campa\u00f1a brillante fracasar\u00e1 si la estrategia es err\u00f3nea<\/strong>.<\/li>\n<li><strong>Comunicaci\u00f3n<\/strong>. Sabemos a qui\u00e9nes nos dirigimos y qu\u00e9 tenemos que hacer. Ahora de lo que se trata es de ejecutar y desarrollar la estrategia. Necesitamos acertar en el c\u00f3mo. Los manuales de comunicaci\u00f3n de hace tan solo una d\u00e9cada han quedado obsoletos. Nuestra manera de relacionarnos socialmente no es la misma, por lo que si la comunicaci\u00f3n, los liderazgos y la acci\u00f3n pol\u00edtica permanecen impasibles, fracasar\u00e1n. Necesitamos conectar con la gente a la que nos dirigimos, y para ello es imprescindible una comunicaci\u00f3n moderna, din\u00e1mica y adaptada a los nuevos c\u00f3digos. Si lo hacemos y lo no comunicamos bien, no lo hemos hecho; <strong>si lo hacemos y lo comunicamos bien, lo hemos hecho dos veces<\/strong>.<\/li>\n<\/ol>\n<p>[\/vc_column_text][\/vc_column][vc_column width=\u00bb1\/2&#8243;][vc_single_image image=\u00bb8904&#8243; img_size=\u00bbfull\u00bb onclick=\u00bblink_image\u00bb][vc_column_text]Entre las actividades de la Fundaci\u00f3n tienen un lugar destacado las relacionadas con el debate europeo, el municipalismo y el poder local, as\u00ed como el \u00e1mbito de la cooperaci\u00f3n del desarrollo, en el que la FEC ha iniciado su andadura trabajando en la capacitaci\u00f3n de organizaciones sociales y pol\u00edticas en pa\u00edses latinoamericanos, atendiendo a la actualidad de los nuevos procesos de cambio pol\u00edtico que se est\u00e1n viviendo en el continente.<\/p>\n<p>Otros \u00e1mbitos de actuaci\u00f3n tienen que ver con la investigaci\u00f3n, formaci\u00f3n y sensibilizaci\u00f3n en temas relacionados con la democracia participativa, la sostenibilidad medioambiental y la mejora de pol\u00edticas sociales y modelos econ\u00f3micos alternativos. Igualmente importante son la promoci\u00f3n de los valores de justicia, solidaridad, igualdad y profundizaci\u00f3n de la democracia.<\/p>\n<p>Asimismo, y al ser la FEC una fundaci\u00f3n vinculada a Transform!, el GUE e Izquierda Unida, todas nuestras actividades, de una forma u otra, algunas de manera directa, y otras de forma indirecta, tienen el objetivo de contribuir a formar en las m\u00e1s diversas materias a dirigentes y candidatos progresistas.[\/vc_column_text][\/vc_column][\/vc_row]<\/p>\n","protected":false},"excerpt":{"rendered":"<p>[vc_row][vc_column width=\u00bb1\/2&#8243;][vc_column_text]La Fundaci\u00f3n cuenta con 20 a\u00f1os de experiencia al servicio de instituciones, partidos y l\u00edderes progresistas en Europa y Am\u00e9rica Latina. Nuestro objetivo sigue siendo de manera obligada el mismo desde el primer d\u00eda: estudiar los \u00faltimos cambios sociales y culturales para entender nuestras sociedades y dotarnos de herramientas pol\u00edticas \u00fatiles para su transformaci\u00f3n. Para ello contamos con un [&hellip;]<\/p>\n","protected":false},"author":1,"featured_media":8904,"parent":7805,"menu_order":0,"comment_status":"closed","ping_status":"closed","template":"","meta":{"footnotes":""},"class_list":["post-8627","page","type-page","status-publish","has-post-thumbnail","hentry"],"_links":{"self":[{"href":"https:\/\/lafec.org\/index.php\/wp-json\/wp\/v2\/pages\/8627","targetHints":{"allow":["GET"]}}],"collection":[{"href":"https:\/\/lafec.org\/index.php\/wp-json\/wp\/v2\/pages"}],"about":[{"href":"https:\/\/lafec.org\/index.php\/wp-json\/wp\/v2\/types\/page"}],"author":[{"embeddable":true,"href":"https:\/\/lafec.org\/index.php\/wp-json\/wp\/v2\/users\/1"}],"replies":[{"embeddable":true,"href":"https:\/\/lafec.org\/index.php\/wp-json\/wp\/v2\/comments?post=8627"}],"version-history":[{"count":15,"href":"https:\/\/lafec.org\/index.php\/wp-json\/wp\/v2\/pages\/8627\/revisions"}],"predecessor-version":[{"id":9140,"href":"https:\/\/lafec.org\/index.php\/wp-json\/wp\/v2\/pages\/8627\/revisions\/9140"}],"up":[{"embeddable":true,"href":"https:\/\/lafec.org\/index.php\/wp-json\/wp\/v2\/pages\/7805"}],"wp:featuredmedia":[{"embeddable":true,"href":"https:\/\/lafec.org\/index.php\/wp-json\/wp\/v2\/media\/8904"}],"wp:attachment":[{"href":"https:\/\/lafec.org\/index.php\/wp-json\/wp\/v2\/media?parent=8627"}],"curies":[{"name":"wp","href":"https:\/\/api.w.org\/{rel}","templated":true}]}}