{"id":8662,"date":"2020-05-04T08:09:08","date_gmt":"2020-05-04T08:09:08","guid":{"rendered":"https:\/\/lafec.org\/?page_id=8662"},"modified":"2020-05-04T08:09:08","modified_gmt":"2020-05-04T08:09:08","slug":"cultura","status":"publish","type":"page","link":"https:\/\/lafec.org\/index.php\/cultura\/","title":{"rendered":"Cultura"},"content":{"rendered":"\n<ul class=\"wp-block-list\"><li>Festival m\u00fasica Desobedientes 2017<\/li><li>Festival m\u00fasica Desobedientes 2018<\/li><li>Exposici\u00f3n de fotos en conmemoraci\u00f3n del 100 aniversario de la revoluci\u00f3n rusa<\/li><li>PELICULA&nbsp;&nbsp;&nbsp; Lo posible y lo necesario<\/li><li><a href=\"https:\/\/twitter.com\/hashtag\/Mailuak?src=hashtag_click\">#Mailuak<\/a>, martillos contra el franquismo.<\/li><li>Exposici\u00f3n el siglo de Marcelino Camacho<\/li><li>Feria del libro pol\u00edtico<\/li><li>seminario internacional \u201cDesplazar los l\u00edmites\u201d<\/li><\/ul>\n","protected":false},"excerpt":{"rendered":"<p>Festival m\u00fasica Desobedientes 2017 Festival m\u00fasica Desobedientes 2018 Exposici\u00f3n de fotos en conmemoraci\u00f3n del 100 aniversario de la revoluci\u00f3n rusa PELICULA&nbsp;&nbsp;&nbsp; Lo posible y lo necesario #Mailuak, martillos contra el franquismo. Exposici\u00f3n el siglo de Marcelino Camacho Feria del libro pol\u00edtico seminario internacional \u201cDesplazar los l\u00edmites\u201d<\/p>\n","protected":false},"author":1,"featured_media":0,"parent":0,"menu_order":0,"comment_status":"closed","ping_status":"closed","template":"","meta":{"footnotes":""},"class_list":["post-8662","page","type-page","status-publish","hentry"],"_links":{"self":[{"href":"https:\/\/lafec.org\/index.php\/wp-json\/wp\/v2\/pages\/8662","targetHints":{"allow":["GET"]}}],"collection":[{"href":"https:\/\/lafec.org\/index.php\/wp-json\/wp\/v2\/pages"}],"about":[{"href":"https:\/\/lafec.org\/index.php\/wp-json\/wp\/v2\/types\/page"}],"author":[{"embeddable":true,"href":"https:\/\/lafec.org\/index.php\/wp-json\/wp\/v2\/users\/1"}],"replies":[{"embeddable":true,"href":"https:\/\/lafec.org\/index.php\/wp-json\/wp\/v2\/comments?post=8662"}],"version-history":[{"count":1,"href":"https:\/\/lafec.org\/index.php\/wp-json\/wp\/v2\/pages\/8662\/revisions"}],"predecessor-version":[{"id":8663,"href":"https:\/\/lafec.org\/index.php\/wp-json\/wp\/v2\/pages\/8662\/revisions\/8663"}],"wp:attachment":[{"href":"https:\/\/lafec.org\/index.php\/wp-json\/wp\/v2\/media?parent=8662"}],"curies":[{"name":"wp","href":"https:\/\/api.w.org\/{rel}","templated":true}]}}