{"id":8723,"date":"2020-06-02T09:48:01","date_gmt":"2020-06-02T09:48:01","guid":{"rendered":"https:\/\/lafec.org\/?page_id=8723"},"modified":"2022-03-26T09:28:56","modified_gmt":"2022-03-26T09:28:56","slug":"erasmus","status":"publish","type":"page","link":"https:\/\/lafec.org\/index.php\/erasmus\/","title":{"rendered":"Erasmus +"},"content":{"rendered":"<p>[vc_row gap=\u00bb10&#8243; equal_height=\u00bbyes\u00bb][vc_column width=\u00bb1\/4&#8243; bg_gradient=\u00bbyes\u00bb css=\u00bb.vc_custom_1591830380926{padding-top: 200px !important;padding-bottom: 50px !important;background-image: url(https:\/\/lafec.org\/wp-content\/uploads\/2020\/06\/FEC-YoungWomenTakeEurope.png?id=8759) !important;background-position: center !important;background-repeat: no-repeat !important;background-size: cover !important;}\u00bb][vc_column_text text_color=\u00bb#ffffff\u00bb]<\/p>\n<h2 style=\"text-align: left;\"><a href=\"https:\/\/lafec.org\/index.php\/erasmus\/mujeres-toman-europa\/\">For social inclusion: Young women take Europe<\/a><\/h2>\n<p>[\/vc_column_text][\/vc_column][vc_column width=\u00bb1\/4&#8243; bg_gradient=\u00bbyes\u00bb css=\u00bb.vc_custom_1591830386986{padding-top: 200px !important;padding-bottom: 50px !important;padding-left: 40px !important;background-image: url(https:\/\/lafec.org\/wp-content\/uploads\/2020\/06\/FEC-FakeNews.png?id=8818) !important;background-position: center !important;background-repeat: no-repeat !important;background-size: cover !important;}\u00bb][vc_column_text text_color=\u00bb#ffffff\u00bb]<\/p>\n<h2 style=\"text-align: left;\"><a href=\"https:\/\/lafec.org\/index.php\/erasmus\/desmontando-fake-news\/\">Desmontando Fake News<\/a><\/h2>\n<p>[\/vc_column_text][\/vc_column][vc_column width=\u00bb1\/4&#8243; bg_gradient=\u00bbyes\u00bb css=\u00bb.vc_custom_1591830391779{padding-top: 200px !important;padding-bottom: 50px !important;background-image: url(https:\/\/lafec.org\/wp-content\/uploads\/2020\/06\/FEC-AdultEducationInclusion.png?id=8815) !important;}\u00bb][vc_column_text text_color=\u00bb#ffffff\u00bb]<\/p>\n<h2 style=\"text-align: left;\"><a href=\"https:\/\/lafec.org\/index.php\/erasmus\/educacion-adultos-inclusion-social\/\">Educaci\u00f3n para adultos inclusi\u00f3n social<\/a><\/h2>\n<p>[\/vc_column_text][\/vc_column][vc_column width=\u00bb1\/4&#8243; css=\u00bb.vc_custom_1591830395882{padding-top: 200px !important;padding-bottom: 50px !important;background-image: url(https:\/\/lafec.org\/wp-content\/uploads\/2020\/06\/WorldPride2017-34827215744_89038b6d88_k-bg.png?id=8834) !important;background-position: center !important;background-repeat: no-repeat !important;background-size: cover !important;}\u00bb][vc_column_text text_color=\u00bb#ffffff\u00bb]<\/p>\n<h2 style=\"text-align: left;\"><a href=\"https:\/\/lafec.org\/index.php\/erasmus\/por-la-igualdad-de-todos-los-generos-ni-un-paso-atras-en-los-derechos-de-las-mujeres-jovenes-y-jovenes-lgtbiq\/\">Por la inclusi\u00f3n de todos los g\u00e9neros<\/a><\/h2>\n<p>[\/vc_column_text][\/vc_column][\/vc_row][vc_row][vc_column][vc_column_text]<strong>Nota informativa:<\/strong> Estos proyectos est\u00e1n cofinanciados por el programa Erasmus+ de la Uni\u00f3n Europea. El contenido de sus publicaciones es responsabilidad exclusiva de la Fundaci\u00f3n Europa de los Ciudadanos (FEC) y ni la Comisi\u00f3n Europea, ni el Servicio Espa\u00f1ol para la Internacionalizaci\u00f3n de la Educaci\u00f3n (SEPIE) son responsables del uso que pueda hacerse de la informaci\u00f3n aqu\u00ed difundida.[\/vc_column_text][\/vc_column][\/vc_row]<\/p>\n","protected":false},"excerpt":{"rendered":"<p>[vc_row gap=\u00bb10&#8243; equal_height=\u00bbyes\u00bb][vc_column width=\u00bb1\/4&#8243; bg_gradient=\u00bbyes\u00bb css=\u00bb.vc_custom_1591830380926{padding-top: 200px !important;padding-bottom: 50px !important;background-image: url(https:\/\/lafec.org\/wp-content\/uploads\/2020\/06\/FEC-YoungWomenTakeEurope.png?id=8759) !important;background-position: center !important;background-repeat: no-repeat !important;background-size: cover !important;}\u00bb][vc_column_text text_color=\u00bb#ffffff\u00bb] For social inclusion: Young women take Europe [\/vc_column_text][\/vc_column][vc_column width=\u00bb1\/4&#8243; bg_gradient=\u00bbyes\u00bb css=\u00bb.vc_custom_1591830386986{padding-top: 200px !important;padding-bottom: 50px !important;padding-left: 40px !important;background-image: url(https:\/\/lafec.org\/wp-content\/uploads\/2020\/06\/FEC-FakeNews.png?id=8818) !important;background-position: center !important;background-repeat: no-repeat !important;background-size: cover !important;}\u00bb][vc_column_text text_color=\u00bb#ffffff\u00bb] Desmontando Fake News [\/vc_column_text][\/vc_column][vc_column width=\u00bb1\/4&#8243; bg_gradient=\u00bbyes\u00bb css=\u00bb.vc_custom_1591830391779{padding-top: 200px !important;padding-bottom: 50px !important;background-image: url(https:\/\/lafec.org\/wp-content\/uploads\/2020\/06\/FEC-AdultEducationInclusion.png?id=8815) !important;}\u00bb][vc_column_text text_color=\u00bb#ffffff\u00bb] Educaci\u00f3n [&hellip;]<\/p>\n","protected":false},"author":1,"featured_media":8711,"parent":0,"menu_order":0,"comment_status":"closed","ping_status":"closed","template":"","meta":{"footnotes":""},"class_list":["post-8723","page","type-page","status-publish","has-post-thumbnail","hentry"],"_links":{"self":[{"href":"https:\/\/lafec.org\/index.php\/wp-json\/wp\/v2\/pages\/8723","targetHints":{"allow":["GET"]}}],"collection":[{"href":"https:\/\/lafec.org\/index.php\/wp-json\/wp\/v2\/pages"}],"about":[{"href":"https:\/\/lafec.org\/index.php\/wp-json\/wp\/v2\/types\/page"}],"author":[{"embeddable":true,"href":"https:\/\/lafec.org\/index.php\/wp-json\/wp\/v2\/users\/1"}],"replies":[{"embeddable":true,"href":"https:\/\/lafec.org\/index.php\/wp-json\/wp\/v2\/comments?post=8723"}],"version-history":[{"count":23,"href":"https:\/\/lafec.org\/index.php\/wp-json\/wp\/v2\/pages\/8723\/revisions"}],"predecessor-version":[{"id":9122,"href":"https:\/\/lafec.org\/index.php\/wp-json\/wp\/v2\/pages\/8723\/revisions\/9122"}],"wp:featuredmedia":[{"embeddable":true,"href":"https:\/\/lafec.org\/index.php\/wp-json\/wp\/v2\/media\/8711"}],"wp:attachment":[{"href":"https:\/\/lafec.org\/index.php\/wp-json\/wp\/v2\/media?parent=8723"}],"curies":[{"name":"wp","href":"https:\/\/api.w.org\/{rel}","templated":true}]}}