{"id":8758,"date":"2020-06-09T22:07:37","date_gmt":"2020-06-09T22:07:37","guid":{"rendered":"https:\/\/lafec.org\/?page_id=8758"},"modified":"2020-06-10T22:09:34","modified_gmt":"2020-06-10T22:09:34","slug":"mujeres-toman-europa","status":"publish","type":"page","link":"https:\/\/lafec.org\/index.php\/erasmus\/mujeres-toman-europa\/","title":{"rendered":"Por la inclusi\u00f3n social, las mujeres toman Europa"},"content":{"rendered":"<p>[vc_row][vc_column width=\u00bb3\/4&#8243;][vc_tta_tabs active_section=\u00bb1&#8243;][vc_tta_section title=\u00bbDescripci\u00f3n y objetivos del proyecto\u00bb tab_id=\u00bbdescripcion\u00bb][vc_column_text]El prop\u00f3sito fundamental de este proyecto es luchar contra las crecientes ideolog\u00edas de odio y violencia mediante la inclusi\u00f3n de las mujeres j\u00f3venes como ciudadanas activas. As\u00ed, se espera lograr la inclusi\u00f3n social de las mujeres j\u00f3venes mediante la mejora de su empleabilidad y el desarrollo de sus competencias sociales, c\u00edvicas e interculturales, a trav\u00e9s tambi\u00e9n de la alfabetizaci\u00f3n medi\u00e1tica y el pensamiento cr\u00edtico para encarar los discursos que promueven la segregaci\u00f3n, el racismo y la violencia.<\/p>\n<p>La inclusi\u00f3n social a trav\u00e9s de la empleabilidad permite la adquisici\u00f3n de recursos econ\u00f3micos que otorgan una mayor independencia y alivian la situaci\u00f3n de exclusi\u00f3n social que experimentan muchas mujeres j\u00f3venes. Adem\u00e1s, este proceso permite a las mujeres j\u00f3venes ir m\u00e1s all\u00e1 de los entornos familiares y sociales cerrados para interactuar con realidades hasta ahora distantes para ellas, en un camino que abarca los valores que Europa representa para sus ciudadanos. Por estas razones, una de las principales prioridades de este proyecto es la inclusi\u00f3n social.<\/p>\n<p>Entre los objetivos del proyecto \u201cFor Social Inclusion: Young Women Take Europe\u201d destacamos:<\/p>\n<ol>\n<li>Proporcionar herramientas, estudios y otras medidas que nos ayudar\u00e1n a comprender la situaci\u00f3n actual y mejorar las posibilidades de inclusi\u00f3n de mujeres j\u00f3venes en riesgo de exclusi\u00f3n.<\/li>\n<li>Promover nuevos servicios intersectoriales que luchen contra las ideolog\u00edas del odio y que logren la inclusi\u00f3n de las mujeres j\u00f3venes a trav\u00e9s de su empleabilidad, complementando programas de la UE como el Programa de Empleo e Innovaci\u00f3n Social, o el Plan de Garant\u00eda para la Juventud.<\/li>\n<li>Crear una red de trabajo interseccional que promueva estos objetivos a largo plazo contando para ello con una PLATAFORMA INTERACTIVA DE MUJERES PARA LA INCLUSI\u00d3N EN EUROPA, un entorno virtual compartido que conecte a docenas de gobiernos locales y regionales con cientos de mujeres j\u00f3venes para facilitar su inclusi\u00f3n social a trav\u00e9s de la empleabilidad.<\/li>\n<\/ol>\n<p>Este proyecto es de proporciones transnacionales, y tiene como objetivo enfrentar un problema que afecta a los fundamentos de la Uni\u00f3n Europea. Es necesario poner fin a la violencia y al odio, y esto requiere los esfuerzos de todos los pa\u00edses y de todos los sectores sociales, p\u00fablicos y privados.[\/vc_column_text][\/vc_tta_section][vc_tta_section title=\u00bbActividades\u00bb tab_id=\u00bbactividades\u00bb][vc_column_text]Durante 18 meses hemos impulsado diversas reuniones transnacionales, as\u00ed como participado en diferentes foros nacionales con j\u00f3venes, t\u00e9cnicos y autoridades p\u00fablicas con el objetivo de dise\u00f1ar, crear e implementar la PLATAFORMA MUJERES PARA LA INCLUSI\u00d3N EN EUROPA. Nuestro compromiso es que dicha plataforma se constituya como un entorno interactivo en red \u00fatil decenas de entidades sociales, gobiernos regionales y ayuntamientos aport\u00e1ndoles multitud de herramientas de capacitaci\u00f3n, informaci\u00f3n y asistencia a j\u00f3venes mujeres para promover su inclusi\u00f3n social a trav\u00e9s de la empleabilidad dentro de la econom\u00eda social y el municipalismo, a la vez que fomentan su ciudadan\u00eda europea y lucha contra los discursos del odio. Todos los materiales est\u00e1n basados en la innovaci\u00f3n y el uso de las TIC\u2019s, siendo materiales atractivos y de calidad.<\/p>\n<p>Estos resultados permitir\u00e1n a los diversos ayuntamientos, gobiernos regionales y entidades sociales de \u00e1mbito nacional la puesta en marcha de un servicio de capacitaci\u00f3n, informaci\u00f3n y asistencia integral que ofrezca a las mujeres j\u00f3venes diversas herramientas para mejorar su empleabilidad y su inclusi\u00f3n social.<\/p>\n<p>Las entidades implicadas en este proyecto defienden y apuestan por una Europa m\u00e1s social, inclusiva y cohesionada, centrada en los ciudadanos, donde la inclusi\u00f3n social, el trabajo estable y de calidad para los y las j\u00f3venes sea la apuesta para acabar con el odio y la xenofobia.<\/p>\n<p>Seis entidades encabezan este proyecto: la Fundaci\u00f3n para la Europa de los Ciudadanos (Espa\u00f1a), el Instituto Nikos Poulanzas (Grecia), Transform Italia (Italia), Transform Austria (Austria), el Instituto 8 de marzo (Eslovenia) y la Espaces Marx (Francia). Todas ellas son expertas en los diferentes \u00e1mbitos de actuaci\u00f3n de este proyecto (mujer, anti racismo, intervenci\u00f3n comunitaria, acci\u00f3n social, estudios de investigaci\u00f3n) y tiene la capacidad de dotar de un gran impacto al proyecto al poder alcanzar acuerdos con gobiernos municipales y regionales, pero tambi\u00e9n nacionales con el fin de dotar a los resultados de una aplicabilidad real y muy significativa en toda Europa. En este sentido cabe destacar que la asociaci\u00f3n cuenta con entidades nacionales de gran envergadura con representaci\u00f3n pol\u00edtica e institucional en cada uno de los respectivos pa\u00edses y tiene capacidad de interlocuci\u00f3n directa con el Parlamento y la Comisi\u00f3n Europea.<\/p>\n<p>&nbsp;<\/p>\n<p><strong>FUNDACI\u00d3N POR LA EUROPA DE LOS CIUDADANOS de Espa\u00f1a<\/strong><\/p>\n<blockquote class=\"wp-embedded-content\" data-secret=\"qhXz0hWp4u\"><p><a href=\"https:\/\/lafec.org\/\">La Fec<\/a><\/p><\/blockquote>\n<p><iframe loading=\"lazy\" title=\"\u00abLa Fec\u00bb \u2014 La FEC\" class=\"wp-embedded-content\" sandbox=\"allow-scripts\" security=\"restricted\" style=\"position: absolute; clip: rect(1px, 1px, 1px, 1px);\" src=\"https:\/\/lafec.org\/embed\/#?secret=qhXz0hWp4u\" data-secret=\"qhXz0hWp4u\" width=\"600\" height=\"338\" style=\"border: none\" marginwidth=\"0\" marginheight=\"0\" scrolling=\"no\"><\/iframe><\/p>\n<p>La Fundaci\u00f3n por la Europa de los Ciudadanos es una fundaci\u00f3n para el pensamiento cr\u00edtico y el debate pol\u00edtico que pretende impulsar el di\u00e1logo entre todas las \u00e1reas del pensamiento cient\u00edfico que contribuyan a una visi\u00f3n progresista de la sociedad. La FEC promueve investigaciones, seminarios, publicaciones y materiales para la formaci\u00f3n pol\u00edtica con el objetivo de contribuir a la transformaci\u00f3n social bajo los principios de equidad, justicia, democracia y anticapitalismo.<\/p>\n<p>&nbsp;<\/p>\n<p><strong>INSTITUTE 8.MAREC (Instituto 8 de Marzo) de Eslovenia<\/strong><\/p>\n<p>https:\/\/www.facebook.com\/institut8.marec<\/p>\n<p>El Instituto 8 de marzo investiga las diversas formas de subordinaci\u00f3n social, a trav\u00e9s de an\u00e1lisis del campo de los movimientos neoconservadores y sus pr\u00e1cticas y bajo el prisma de la cr\u00edtica a la econom\u00eda pol\u00edtica y la teor\u00eda feminista. El Instituto tiene como objetivo desafiar el neoconservadurismo investigando no s\u00f3lo a agentes espec\u00edficos, como los movimientos de la sociedad civil y los partidos pol\u00edticos, sino organizando acciones concretas, cuyo objetivo es doble: cerrar el paso a los neoconservadores y establecer un espacio donde se puedan llevar a cabo nuevas pr\u00e1cticas emancipadoras.<\/p>\n<p>&nbsp;<\/p>\n<p><strong>ESPACES MARX de Francia<\/strong><\/p>\n<p><a href=\"http:\/\/www.espaces-marx.net\">http:\/\/www.espaces-marx.net<\/a><\/p>\n<p>El mundo est\u00e1 experimentando grandes cambios: la globalizaci\u00f3n capitalista, la financiarizaci\u00f3n, los trastornos ecol\u00f3gicos, las transformaciones del trabajo, etc. Es imperativo renovar representaciones, ideas e incluso conceptos para entender este mundo para transformarlo. Espaces Marx se ha fijado el objetivo de contribuir a la investigaci\u00f3n y las confrontaciones que son esenciales en esta situaci\u00f3n. Es un lugar de encuentro, un laboratorio de nuevas ideas, un espacio abierto a todos los que quieran trabajar para avanzar en un pensamiento emancipatorio.<\/p>\n<p>&nbsp;<\/p>\n<p><strong>NICOS POULANZAS INSTITUTE (Instituto Nicos Poulanzas) de Grecia<\/strong><\/p>\n<p>\u0391\u03c1\u03c7\u03b9\u03ba\u03ae<\/p>\n<p>El Instituto Nicos Poulantzas (NPI) se fund\u00f3 en 1997 por iniciativa del partido pol\u00edtico \u201cSynaspismos\u201d. Su trabajo est\u00e1 integralmente vinculado al ideal del socialismo democr\u00e1tico y al esfuerzo por superar la rigidez dogm\u00e1tica, luchar contra cualquier forma de gobierno autoritario y contribuir a una liberaci\u00f3n social multifac\u00e9tica. Su formaci\u00f3n tiene como objetivo fomentar los valores de la izquierda, desarrollar sistem\u00e1ticamente una conciencia de los problemas sociales, ecol\u00f3gicos, pol\u00edticos y culturales contempor\u00e1neos y explorar los cambios emergentes dentro de la sociedad<\/p>\n<p>&nbsp;<\/p>\n<p><strong>TRANSFORM! IT (transform Italia) de Italia<\/strong><\/p>\n<p><a href=\"https:\/\/transform-italia.it\/\">https:\/\/transform-italia.it\/<\/a><\/p>\n<p>Transform! Italy es un proyecto fundado a iniciativa de grupos de investigadores, intelectuales, acad\u00e9micos, activistas del movimientos sindicales y sociales as\u00ed como individuos provenientes de diferentes experiencias pol\u00edticas, sociales y culturales. Su trabajo se centra el impulso de experiencias y culturas comprometidas con el desarrollo libre y aut\u00f3nomo del individuo, con principios basados en la libertad de expresi\u00f3n, el respeto a la diversidad y el di\u00e1logo intercultural. Transform! Italy es considerado un laboratorio de investigaci\u00f3n dentro del movimiento contra la globalizaci\u00f3n neoliberal y la guerra y es un actor del proceso de desarrollo del Foro Social Europeo.<\/p>\n<p>&nbsp;<\/p>\n<p><strong>TRANSFORM! AT (transform Austria) de Austria<\/strong><\/p>\n<p><a href=\"http:\/\/transform.or.at\">http:\/\/transform.or.at<\/a><\/p>\n<p>\u00a1transformar! Austria Es una asociaci\u00f3n para la promoci\u00f3n del debate y las pol\u00edticas de izquierda. Su objetivo es mejorar la cooperaci\u00f3n entre acad\u00e9micos progresistas y enfocar sus conocimientos te\u00f3ricos y pr\u00e1cticos, competencia estrat\u00e9gica e ideas cotidianas. transform.at se define en oposici\u00f3n al neoliberalismo, el patriarcado, el sexismo y el fundamentalismo de todo tipo y funciona como un foro de discusi\u00f3n para posiciones de izquierda, democr\u00e1ticas, feministas, antiautoritarias y antipaternalistas, que pretende ampliar con una fuerte dimensi\u00f3n internacional.[\/vc_column_text][\/vc_tta_section][\/vc_tta_tabs][\/vc_column][vc_column width=\u00bb1\/4&#8243;][vc_single_image image=\u00bb8761&#8243; img_size=\u00bblarge\u00bb onclick=\u00bblink_image\u00bb][vc_separator][vc_gallery images=\u00bb8762,8763,8767,8772,8765,8774,8764,8766,8768,8769,8771,8770,8775,8776&#8243;][\/vc_column][\/vc_row]<\/p>\n","protected":false},"excerpt":{"rendered":"<p>[vc_row][vc_column width=\u00bb3\/4&#8243;][vc_tta_tabs active_section=\u00bb1&#8243;][vc_tta_section title=\u00bbDescripci\u00f3n y objetivos del proyecto\u00bb tab_id=\u00bbdescripcion\u00bb][vc_column_text]El prop\u00f3sito fundamental de este proyecto es luchar contra las crecientes ideolog\u00edas de odio y violencia mediante la inclusi\u00f3n de las mujeres j\u00f3venes como ciudadanas activas. As\u00ed, se espera lograr la inclusi\u00f3n social de las mujeres j\u00f3venes mediante la mejora de su empleabilidad y el desarrollo de sus competencias sociales, c\u00edvicas e [&hellip;]<\/p>\n","protected":false},"author":1,"featured_media":8759,"parent":8723,"menu_order":0,"comment_status":"closed","ping_status":"closed","template":"","meta":{"footnotes":""},"class_list":["post-8758","page","type-page","status-publish","has-post-thumbnail","hentry"],"_links":{"self":[{"href":"https:\/\/lafec.org\/index.php\/wp-json\/wp\/v2\/pages\/8758","targetHints":{"allow":["GET"]}}],"collection":[{"href":"https:\/\/lafec.org\/index.php\/wp-json\/wp\/v2\/pages"}],"about":[{"href":"https:\/\/lafec.org\/index.php\/wp-json\/wp\/v2\/types\/page"}],"author":[{"embeddable":true,"href":"https:\/\/lafec.org\/index.php\/wp-json\/wp\/v2\/users\/1"}],"replies":[{"embeddable":true,"href":"https:\/\/lafec.org\/index.php\/wp-json\/wp\/v2\/comments?post=8758"}],"version-history":[{"count":15,"href":"https:\/\/lafec.org\/index.php\/wp-json\/wp\/v2\/pages\/8758\/revisions"}],"predecessor-version":[{"id":8810,"href":"https:\/\/lafec.org\/index.php\/wp-json\/wp\/v2\/pages\/8758\/revisions\/8810"}],"up":[{"embeddable":true,"href":"https:\/\/lafec.org\/index.php\/wp-json\/wp\/v2\/pages\/8723"}],"wp:featuredmedia":[{"embeddable":true,"href":"https:\/\/lafec.org\/index.php\/wp-json\/wp\/v2\/media\/8759"}],"wp:attachment":[{"href":"https:\/\/lafec.org\/index.php\/wp-json\/wp\/v2\/media?parent=8758"}],"curies":[{"name":"wp","href":"https:\/\/api.w.org\/{rel}","templated":true}]}}