{"id":8908,"date":"2020-06-18T16:20:18","date_gmt":"2020-06-18T16:20:18","guid":{"rendered":"https:\/\/lafec.org\/?page_id=8908"},"modified":"2020-06-18T16:20:18","modified_gmt":"2020-06-18T16:20:18","slug":"patronato","status":"publish","type":"page","link":"https:\/\/lafec.org\/index.php\/lafec-home\/patronato\/","title":{"rendered":"Patronato"},"content":{"rendered":"<p>[vc_row][vc_column width=\u00bb1\/2&#8243;][vc_column_text]<strong>Presidente<\/strong>: MARGARITA FERR\u00c9 LUPARIA<\/p>\n<p><strong>Director\/Tesorero<\/strong>: JAIME AJA VALLE<\/p>\n<p><strong>Vicepresidente<\/strong>: SOL S\u00c1NCHEZ MAROTO<\/p>\n<p><strong>Coordinador de proyectos:<\/strong> JAVIER MORENO G\u00c1LVEZ[\/vc_column_text][\/vc_column][vc_column width=\u00bb1\/2&#8243;][vc_column_text]<strong>Patronas\/os<\/strong>:<\/p>\n<p>ERNESTO ALBA ARAG\u00d3N<\/p>\n<p>JOSE ANTONIO GARC\u00cdA RUBIO<\/p>\n<p>ALBERTO GARZ\u00d3N ESPINOSA<\/p>\n<p>NURIA LOZANO MONTOYA<\/p>\n<p>I\u00d1IGO MART\u00cdNEZ ZAT\u00d3N<\/p>\n<p>MARIA ANTONIA MORILLAS GONZ\u00c1LEZ<\/p>\n<p>AMANDA MEYER HIDALGO<\/p>\n<p>CARMEN OLALLA DOM\u00cdNGUEZ<\/p>\n<p>ANASTASIO OLIVER PALOMO<\/p>\n<p>FRANCISCO P\u00c9REZ ESTEBAN<\/p>\n<p>ROSA P\u00c9REZ GARIJO<\/p>\n<p>AMADEU SANCH\u00cdS LABIOS<\/p>\n<p>JOS\u00c9 SARRI\u00d3N ANDALUZ<\/p>\n<p>CRISTINA SIM\u00d3 ALCARAZ[\/vc_column_text][\/vc_column][\/vc_row]<\/p>\n","protected":false},"excerpt":{"rendered":"<p>[vc_row][vc_column width=\u00bb1\/2&#8243;][vc_column_text]Presidente: MARGARITA FERR\u00c9 LUPARIA Director\/Tesorero: JAIME AJA VALLE Vicepresidente: SOL S\u00c1NCHEZ MAROTO Coordinador de proyectos: JAVIER MORENO G\u00c1LVEZ[\/vc_column_text][\/vc_column][vc_column width=\u00bb1\/2&#8243;][vc_column_text]Patronas\/os: ERNESTO ALBA ARAG\u00d3N JOSE ANTONIO GARC\u00cdA RUBIO ALBERTO GARZ\u00d3N ESPINOSA NURIA LOZANO MONTOYA I\u00d1IGO MART\u00cdNEZ ZAT\u00d3N MARIA ANTONIA MORILLAS GONZ\u00c1LEZ AMANDA MEYER HIDALGO CARMEN OLALLA DOM\u00cdNGUEZ ANASTASIO OLIVER PALOMO FRANCISCO P\u00c9REZ ESTEBAN ROSA P\u00c9REZ GARIJO AMADEU SANCH\u00cdS LABIOS JOS\u00c9 SARRI\u00d3N [&hellip;]<\/p>\n","protected":false},"author":1,"featured_media":8904,"parent":7805,"menu_order":0,"comment_status":"closed","ping_status":"closed","template":"","meta":{"footnotes":""},"class_list":["post-8908","page","type-page","status-publish","has-post-thumbnail","hentry"],"_links":{"self":[{"href":"https:\/\/lafec.org\/index.php\/wp-json\/wp\/v2\/pages\/8908","targetHints":{"allow":["GET"]}}],"collection":[{"href":"https:\/\/lafec.org\/index.php\/wp-json\/wp\/v2\/pages"}],"about":[{"href":"https:\/\/lafec.org\/index.php\/wp-json\/wp\/v2\/types\/page"}],"author":[{"embeddable":true,"href":"https:\/\/lafec.org\/index.php\/wp-json\/wp\/v2\/users\/1"}],"replies":[{"embeddable":true,"href":"https:\/\/lafec.org\/index.php\/wp-json\/wp\/v2\/comments?post=8908"}],"version-history":[{"count":1,"href":"https:\/\/lafec.org\/index.php\/wp-json\/wp\/v2\/pages\/8908\/revisions"}],"predecessor-version":[{"id":8909,"href":"https:\/\/lafec.org\/index.php\/wp-json\/wp\/v2\/pages\/8908\/revisions\/8909"}],"up":[{"embeddable":true,"href":"https:\/\/lafec.org\/index.php\/wp-json\/wp\/v2\/pages\/7805"}],"wp:featuredmedia":[{"embeddable":true,"href":"https:\/\/lafec.org\/index.php\/wp-json\/wp\/v2\/media\/8904"}],"wp:attachment":[{"href":"https:\/\/lafec.org\/index.php\/wp-json\/wp\/v2\/media?parent=8908"}],"curies":[{"name":"wp","href":"https:\/\/api.w.org\/{rel}","templated":true}]}}